{"id":444,"date":"2021-09-22T15:31:57","date_gmt":"2021-09-22T15:31:57","guid":{"rendered":"http:\/\/mostratitelles.com\/mit36\/?page_id=444"},"modified":"2024-10-31T17:38:52","modified_gmt":"2024-10-31T17:38:52","slug":"15c42-web-agency-gb-portfolio-single-copy-copy-copy-copy-copy-copy-copy-2","status":"publish","type":"page","link":"https:\/\/imatges.mancovall.com\/mit39\/15c42-web-agency-gb-portfolio-single-copy-copy-copy-copy-copy-copy-copy-2\/","title":{"rendered":"HILANDO T\u00cdTERES (MADRID)"},"content":{"rendered":"<p>[vc_row][vc_column][vc_column_text]<\/p>\n<h1 class=\"wp-block-heading\"><mark class=\"has-inline-color has-neve-link-hover-color-color\" style=\"background-color: rgba(0, 0, 0, 0);\">BEEE! EL REBA\u00d1O<\/mark><\/h1>\n\n\n<h2 class=\"wp-block-heading\">HILANDO T\u00cdTERES (MADRID)<\/h2>\n\n\n<div class=\"wp-block-cover alignfull\" style=\"min-height: 600px;aspect-ratio:unset;\">\n<p>&nbsp;<\/p>\n<div class=\"wp-block-cover__inner-container is-layout-flow wp-block-cover-is-layout-flow\">\n<div class=\"wp-block-group\"><div class=\"wp-block-group__inner-container is-layout-flow wp-block-group-is-layout-flow\">\n<div class=\"wp-block-spacer\" style=\"height: 1px;\" aria-hidden=\"true\">\u00a0<\/div>\n\n\n<div class=\"wp-block-spacer\" style=\"height: 100px;\" aria-hidden=\"true\">\u00a0<\/div>\n\n\n<div class=\"wp-block-columns is-layout-flex wp-container-core-columns-is-layout-1 wp-block-columns-is-layout-flex\">\n<div class=\"wp-block-column is-layout-flow wp-block-column-is-layout-flow\" style=\"flex-basis: 66.79%;\">\n<figure class=\"wp-block-image size-full\"><img decoding=\"async\" width=\"600\" height=\"600\" class=\"wp-image-855\" src=\"https:\/\/imatges.mancovall.com\/mit39\/wp-content\/uploads\/2024\/10\/1_0010_BEE.jpg\" alt=\"\" srcset=\"https:\/\/imatges.mancovall.com\/mit39\/wp-content\/uploads\/2024\/10\/1_0010_BEE.jpg 600w, https:\/\/imatges.mancovall.com\/mit39\/wp-content\/uploads\/2024\/10\/1_0010_BEE-300x300.jpg 300w, https:\/\/imatges.mancovall.com\/mit39\/wp-content\/uploads\/2024\/10\/1_0010_BEE-150x150.jpg 150w, https:\/\/imatges.mancovall.com\/mit39\/wp-content\/uploads\/2024\/10\/1_0010_BEE-500x500.jpg 500w, https:\/\/imatges.mancovall.com\/mit39\/wp-content\/uploads\/2024\/10\/1_0010_BEE-100x100.jpg 100w\" sizes=\"(max-width: 600px) 100vw, 600px\" \/><\/figure>\n\n\n<div class=\"wp-block-buttons is-layout-flex wp-block-buttons-is-layout-flex\">\n<div class=\"wp-block-button is-style-secondary\"><a class=\"wp-block-button__link wp-element-button\" style=\"border-radius: 50px;\" href=\"https:\/\/imatges.mancovall.com\/mit39\/\">\u2190 Tornar<\/a><\/div>\n\n<\/div>\n\n\n<div class=\"wp-block-spacer\" style=\"height: 40px;\" aria-hidden=\"true\">\u00a0<\/div>\n\n<\/div>\n\n\n<div class=\"wp-block-column is-layout-flow wp-block-column-is-layout-flow\" style=\"flex-basis: 34%;\">\n<p class=\"has-neve-link-color-color has-text-color has-link-color wp-elements-7e99d0ec2fe914510778c59084837287\">L&#8217;espectacle de titelles \u201cBEE El reba\u00f1o\u201d \u00e9s de format xicotet i vers\u00e0til, preparat per a ser representat en centre culturals, teatres, sales d&#8217;actes, biblioteques\u2026 i altres espais no convencionals tant d&#8217;aire lliure com d&#8217;interior.<br \/>Nina vol volar, eixe \u00e9s el seu somni. Ella es convertir\u00e0 en la primera dona que pilota un avi\u00f3 en la seua fam\u00edlia.<br \/>Per\u00f2 el dia \u00e9s massa curt i la nit \u00e9s massa llarga i quan la seua mare li diu que vaja a dormir, Nina, de mala gana, va al llit.<br \/>Per a dormir cal comptar ovelles\u2026 Quin avorriment! Fins que Nina troba a Bruna, l&#8217;ovella que no vol saltar la tanca.<\/p>\n\n\n<p class=\"has-neve-link-color-color has-text-color\"><\/p>\n\n<div class=\"wp-block-buttons is-layout-flex wp-block-buttons-is-layout-flex\">\n<\/div>\n<p class=\"has-neve-link-color-color has-text-color\"><\/p>\n\n<hr class=\"wp-block-separator has-css-opacity is-style-wide\" \/>\n<p class=\"has-neve-link-color-color has-text-color\"><\/p>\n\n<p class=\"has-neve-link-color-color has-text-color has-link-color wp-elements-60ad6ce40c5c58ad6716bcb8da56de0b\">Gonzalo Cardone (Buenos Aires, 1972) i Mar Gasco (Madrid, 1968). L&#8217;any 1997 comen\u00e7a la nostra marxa creant la companyia de teatre de marionetes Hilando T\u00edteres.<br \/>En els nostres 25 anys de traject\u00f2ria hem produ\u00eft m\u00e9s de 10 espectacles, tallers tem\u00e0tics de construcci\u00f3, contacontes, hem participat en llargmetratges, publicitat, s\u00e8ries de TV\u2026 i tot aix\u00f2 ho hem fet des del cor i l&#8217;amor a la nostra professi\u00f3, sent conscients que a trav\u00e9s dels titelles es representa la vida quotidiana, s&#8217;expressen idees i es descarreguen emocions. Perqu\u00e8 els titelles s\u00f3n Art i conseg\u00fcentment, a m\u00e9s de transmetre un missatge, es gaudixen, es viuen, se senten\u2026.<\/p>\n<p class=\"has-neve-link-color-color has-text-color\"><\/p>\n\n\n<\/div>\n\n<\/div>\n\n\n<div class=\"wp-block-spacer\" style=\"height: 40px;\" aria-hidden=\"true\">\u00a0<\/div>\n\n<\/div><\/div>\n\n<\/div>\n<\/div>\n\n<p>&nbsp;<\/p>\n<p>[\/vc_column_text][\/vc_column][\/vc_row]<\/p>\n","protected":false},"excerpt":{"rendered":"<p>[vc_row][vc_column][vc_column_text] BEEE! EL REBA\u00d1O HILANDO T\u00cdTERES (MADRID) &nbsp; [\/vc_column_text][\/vc_column][\/vc_row]<\/p>\n","protected":false},"author":1,"featured_media":0,"parent":0,"menu_order":0,"comment_status":"closed","ping_status":"closed","template":"","meta":{"neve_meta_sidebar":"default","neve_meta_container":"","neve_meta_enable_content_width":"on","neve_meta_content_width":100,"neve_meta_title_alignment":"","neve_meta_author_avatar":"","neve_post_elements_order":"","neve_meta_disable_header":"","neve_meta_disable_footer":"","neve_meta_disable_title":"on","_vp_format_video_url":"","_vp_image_focal_point":[],"footnotes":""},"class_list":["post-444","page","type-page","status-publish","hentry"],"_links":{"self":[{"href":"https:\/\/imatges.mancovall.com\/mit39\/wp-json\/wp\/v2\/pages\/444","targetHints":{"allow":["GET"]}}],"collection":[{"href":"https:\/\/imatges.mancovall.com\/mit39\/wp-json\/wp\/v2\/pages"}],"about":[{"href":"https:\/\/imatges.mancovall.com\/mit39\/wp-json\/wp\/v2\/types\/page"}],"author":[{"embeddable":true,"href":"https:\/\/imatges.mancovall.com\/mit39\/wp-json\/wp\/v2\/users\/1"}],"replies":[{"embeddable":true,"href":"https:\/\/imatges.mancovall.com\/mit39\/wp-json\/wp\/v2\/comments?post=444"}],"version-history":[{"count":6,"href":"https:\/\/imatges.mancovall.com\/mit39\/wp-json\/wp\/v2\/pages\/444\/revisions"}],"predecessor-version":[{"id":920,"href":"https:\/\/imatges.mancovall.com\/mit39\/wp-json\/wp\/v2\/pages\/444\/revisions\/920"}],"wp:attachment":[{"href":"https:\/\/imatges.mancovall.com\/mit39\/wp-json\/wp\/v2\/media?parent=444"}],"curies":[{"name":"wp","href":"https:\/\/api.w.org\/{rel}","templated":true}]}}