{"id":441,"date":"2021-09-22T15:30:19","date_gmt":"2021-09-22T15:30:19","guid":{"rendered":"http:\/\/mostratitelles.com\/mit36\/?page_id=441"},"modified":"2024-10-31T17:37:03","modified_gmt":"2024-10-31T17:37:03","slug":"15c42-web-agency-gb-portfolio-single-copy-copy-copy-copy-copy-copy-copy-copy-copy-copy","status":"publish","type":"page","link":"https:\/\/imatges.mancovall.com\/mit39\/15c42-web-agency-gb-portfolio-single-copy-copy-copy-copy-copy-copy-copy-copy-copy-copy\/","title":{"rendered":"EUGENIA MANZANERA (MADRID)"},"content":{"rendered":"<p>[vc_row][vc_column][vc_column_text]<\/p>\n<h1 class=\"wp-block-heading\"><mark class=\"has-inline-color has-neve-link-hover-color-color\" style=\"background-color: rgba(0, 0, 0, 0);\">PASITO A PASAZO<\/mark><\/h1>\n\n\n<h2 class=\"wp-block-heading\"><strong>EUGENIA MANZANERA (MADRID)<\/strong><\/h2>\n\n\n<div class=\"wp-block-cover alignfull\" style=\"min-height: 600px;aspect-ratio:unset;\">\n<p>&nbsp;<\/p>\n<div class=\"wp-block-cover__inner-container is-layout-flow wp-block-cover-is-layout-flow\">\n<div class=\"wp-block-group\"><div class=\"wp-block-group__inner-container is-layout-flow wp-block-group-is-layout-flow\">\n<div class=\"wp-block-spacer\" style=\"height: 1px;\" aria-hidden=\"true\">\u00a0<\/div>\n\n\n<div class=\"wp-block-spacer\" style=\"height: 100px;\" aria-hidden=\"true\">\u00a0<\/div>\n\n\n<div class=\"wp-block-columns is-layout-flex wp-container-core-columns-is-layout-1 wp-block-columns-is-layout-flex\">\n<div class=\"wp-block-column is-layout-flow wp-block-column-is-layout-flow\" style=\"flex-basis: 66.79%;\">\n<figure class=\"wp-block-image size-full\"><img decoding=\"async\" width=\"600\" height=\"600\" class=\"wp-image-848\" src=\"https:\/\/imatges.mancovall.com\/mit39\/wp-content\/uploads\/2024\/10\/1_0003_PASITO-A-PASAZO.jpg\" alt=\"\" srcset=\"https:\/\/imatges.mancovall.com\/mit39\/wp-content\/uploads\/2024\/10\/1_0003_PASITO-A-PASAZO.jpg 600w, https:\/\/imatges.mancovall.com\/mit39\/wp-content\/uploads\/2024\/10\/1_0003_PASITO-A-PASAZO-300x300.jpg 300w, https:\/\/imatges.mancovall.com\/mit39\/wp-content\/uploads\/2024\/10\/1_0003_PASITO-A-PASAZO-150x150.jpg 150w, https:\/\/imatges.mancovall.com\/mit39\/wp-content\/uploads\/2024\/10\/1_0003_PASITO-A-PASAZO-500x500.jpg 500w, https:\/\/imatges.mancovall.com\/mit39\/wp-content\/uploads\/2024\/10\/1_0003_PASITO-A-PASAZO-100x100.jpg 100w\" sizes=\"(max-width: 600px) 100vw, 600px\" \/><\/figure>\n\n\n<div class=\"wp-block-buttons is-layout-flex wp-block-buttons-is-layout-flex\">\n<div class=\"wp-block-button is-style-secondary\"><a class=\"wp-block-button__link wp-element-button\" style=\"border-radius: 50px;\" href=\"https:\/\/imatges.mancovall.com\/mit39\/\">\u2190 Tornar<\/a><\/div>\n\n<\/div>\n\n\n<div class=\"wp-block-spacer\" style=\"height: 40px;\" aria-hidden=\"true\">\u00a0<\/div>\n\n<\/div>\n\n\n<div class=\"wp-block-column is-layout-flow wp-block-column-is-layout-flow\" style=\"flex-basis: 34%;\">\n<p class=\"has-neve-link-color-color has-text-color\">Amb pas lent o r\u00e0pid tot \u00e9s caminar, per a veure m\u00f3n o tan sols passejar. Portar equipatge o anar-se amb el posat, anar a peu o fer dit. Anar a una festa o a buscar respostes. Un os, un gall, una xiqueta, un elefant fins a un parell de balenes contaran els seus viatges\u2026 si vens a \u201cPasito a Pasazo\u201d per a sentir les seues hist\u00f2ries esta vesprada a la biblioteca.<\/p>\n\n\n<p class=\"has-neve-link-color-color has-text-color\">L&#8217;activitat est\u00e0 dirigida a p\u00fablic familiar a partir de 4 anys.<\/p>\n\n\n<div class=\"wp-block-buttons is-layout-flex wp-block-buttons-is-layout-flex\">\n<\/div>\n\n\n<hr class=\"wp-block-separator has-css-opacity is-style-wide\" \/>\n\n\n<p class=\"has-nv-dark-bg-color has-text-color\">En ella podem trobar el projecte personal d&#8217;una artista de la paraula i del gest (narradora, art educadora, actriu, pallassa\u2026). El seu treball, per no estendre&#8217;s molt, m&#8217;ha demanat que siga breu, consisteix a comunicar fent espectacles teatrals, contant hist\u00f2ries, impartint tallers\u2026 imaginant projectes que donen sempre molt de joc.<\/p>\n\n\n<p class=\"has-nv-dark-bg-color has-text-color\">La mat\u00e8ria del seu treball s\u00f3n les paraules, eixes capsetes belles. Paraules\u2026 jerogl\u00edfics als quals prestem la nostra atenci\u00f3 per a poder relacionar-nos i comprendre. Manzanera es divertix amb elles, les esbudella, agafa el seu significant i balla amb la m\u00fasica que posse\u00efxen. Les utilitza per a explicar-se, per a comptar a la seua manera el que sent, perqu\u00e8 vost\u00e9, p\u00fablic, se senta lliure d&#8217;imaginar i explicar-se, ella far\u00e0 que s&#8217;implique en la proposta. Paraules que col\u00b7loca en el seu cos, en la seua mirada perqu\u00e8 ella b\u00e9 sap que \u201cles paraules no se les emporta el vent\u201d, habiten en cada porus del nostre \u00e9sser. Una mirada, un dit enlaire, un pas que vol donar-se per\u00f2 es queda congelat en el lloc, una boca que demana un bes\u2026 El cos s&#8217;habita de gestos i el p\u00fablic els vist de paraules. Fins i tot fa que els objectes s&#8217;habiten d&#8217;elles i que siguen personatges amb vida i amb hist\u00f2ria.<\/p>\n\n\n<p class=\"has-nv-dark-bg-color has-text-color\">Manzanera convida a jugar en les seues propostes, ja siguen per a p\u00fablic de primera inf\u00e0ncia, infantil o adult. Jugar \u00e9s riure&#8217;s del temps i de l&#8217;espai, dels objectes, de les seues formes\u2026 per aix\u00f2 en el seu treball l&#8217;humor, el riure i la riallada ho embolica tot. Eugenia t\u00e9 \u00e0nima de cabaretera, de bufona, de show-woman, de joglaresa. Per aix\u00f2 investiga des del c\u00f2mic: de qu\u00e8 riu un beb\u00e9?, t\u00e9 ritme el riure?, deixa de ser una cosa po\u00e8tica si \u00e9s divertit?, pot ser c\u00f2mic una cosa amarga? Ella investiga perqu\u00e8 el p\u00fablic gaudi.<\/p>\n\n<\/div>\n\n<\/div>\n\n\n<div class=\"wp-block-spacer\" style=\"height: 40px;\" aria-hidden=\"true\">\u00a0<\/div>\n\n<\/div><\/div>\n\n<\/div>\n<\/div>\n\n<p>&nbsp;<\/p>\n<p>[\/vc_column_text][\/vc_column][\/vc_row]<\/p>\n","protected":false},"excerpt":{"rendered":"<p>[vc_row][vc_column][vc_column_text] PASITO A PASAZO EUGENIA MANZANERA (MADRID) &nbsp; [\/vc_column_text][\/vc_column][\/vc_row]<\/p>\n","protected":false},"author":1,"featured_media":0,"parent":0,"menu_order":0,"comment_status":"closed","ping_status":"closed","template":"","meta":{"neve_meta_sidebar":"default","neve_meta_container":"","neve_meta_enable_content_width":"on","neve_meta_content_width":100,"neve_meta_title_alignment":"","neve_meta_author_avatar":"","neve_post_elements_order":"","neve_meta_disable_header":"","neve_meta_disable_footer":"","neve_meta_disable_title":"on","_vp_format_video_url":"","_vp_image_focal_point":[],"footnotes":""},"class_list":["post-441","page","type-page","status-publish","hentry"],"_links":{"self":[{"href":"https:\/\/imatges.mancovall.com\/mit39\/wp-json\/wp\/v2\/pages\/441","targetHints":{"allow":["GET"]}}],"collection":[{"href":"https:\/\/imatges.mancovall.com\/mit39\/wp-json\/wp\/v2\/pages"}],"about":[{"href":"https:\/\/imatges.mancovall.com\/mit39\/wp-json\/wp\/v2\/types\/page"}],"author":[{"embeddable":true,"href":"https:\/\/imatges.mancovall.com\/mit39\/wp-json\/wp\/v2\/users\/1"}],"replies":[{"embeddable":true,"href":"https:\/\/imatges.mancovall.com\/mit39\/wp-json\/wp\/v2\/comments?post=441"}],"version-history":[{"count":7,"href":"https:\/\/imatges.mancovall.com\/mit39\/wp-json\/wp\/v2\/pages\/441\/revisions"}],"predecessor-version":[{"id":916,"href":"https:\/\/imatges.mancovall.com\/mit39\/wp-json\/wp\/v2\/pages\/441\/revisions\/916"}],"wp:attachment":[{"href":"https:\/\/imatges.mancovall.com\/mit39\/wp-json\/wp\/v2\/media?parent=441"}],"curies":[{"name":"wp","href":"https:\/\/api.w.org\/{rel}","templated":true}]}}