{"id":431,"date":"2021-09-22T15:24:17","date_gmt":"2021-09-22T15:24:17","guid":{"rendered":"http:\/\/mostratitelles.com\/mit36\/?page_id=431"},"modified":"2024-10-31T17:38:05","modified_gmt":"2024-10-31T17:38:05","slug":"15c42-web-agency-gb-portfolio-single-copy-copy-copy-copy-copy-copy-copy","status":"publish","type":"page","link":"https:\/\/imatges.mancovall.com\/mit39\/15c42-web-agency-gb-portfolio-single-copy-copy-copy-copy-copy-copy-copy\/","title":{"rendered":"LOS T\u00cdTERES DE MIGUEL PINO (ANDALUSIA)"},"content":{"rendered":"<p>[vc_row][vc_column][vc_column_text]<\/p>\n<h1 class=\"wp-block-heading\"><mark class=\"has-inline-color has-neve-link-hover-color-color\" style=\"background-color: rgba(0, 0, 0, 0);\">PENEQUE CIEN POR CIEN VALIENTE<\/mark><\/h1>\n\n\n<h2 class=\"wp-block-heading\">LOS T\u00cdTERES DE MIGUEL PINO (ANDALUSIA)<\/h2>\n\n\n<div class=\"wp-block-cover alignfull\" style=\"min-height: 600px;aspect-ratio:unset;\">\n<p>&nbsp;<\/p>\n<div class=\"wp-block-cover__inner-container is-layout-flow wp-block-cover-is-layout-flow\">\n<div class=\"wp-block-group\"><div class=\"wp-block-group__inner-container is-layout-flow wp-block-group-is-layout-flow\">\n<div class=\"wp-block-spacer\" style=\"height: 1px;\" aria-hidden=\"true\">\u00a0<\/div>\n\n\n<div class=\"wp-block-spacer\" style=\"height: 100px;\" aria-hidden=\"true\">\u00a0<\/div>\n\n\n<div class=\"wp-block-columns is-layout-flex wp-container-core-columns-is-layout-1 wp-block-columns-is-layout-flex\">\n<div class=\"wp-block-column is-layout-flow wp-block-column-is-layout-flow\" style=\"flex-basis: 66.79%;\">\n<figure class=\"wp-block-image size-full\"><img decoding=\"async\" width=\"600\" height=\"600\" class=\"wp-image-853\" src=\"https:\/\/imatges.mancovall.com\/mit39\/wp-content\/uploads\/2024\/10\/1_0008_PENEQUE.jpg\" alt=\"\" srcset=\"https:\/\/imatges.mancovall.com\/mit39\/wp-content\/uploads\/2024\/10\/1_0008_PENEQUE.jpg 600w, https:\/\/imatges.mancovall.com\/mit39\/wp-content\/uploads\/2024\/10\/1_0008_PENEQUE-300x300.jpg 300w, https:\/\/imatges.mancovall.com\/mit39\/wp-content\/uploads\/2024\/10\/1_0008_PENEQUE-150x150.jpg 150w, https:\/\/imatges.mancovall.com\/mit39\/wp-content\/uploads\/2024\/10\/1_0008_PENEQUE-500x500.jpg 500w, https:\/\/imatges.mancovall.com\/mit39\/wp-content\/uploads\/2024\/10\/1_0008_PENEQUE-100x100.jpg 100w\" sizes=\"(max-width: 600px) 100vw, 600px\" \/><\/figure>\n\n\n<div class=\"wp-block-buttons is-layout-flex wp-block-buttons-is-layout-flex\">\n<div class=\"wp-block-button is-style-secondary\"><a class=\"wp-block-button__link wp-element-button\" style=\"border-radius: 50px;\" href=\"https:\/\/imatges.mancovall.com\/mit39\/\">\u2190 Tornar<\/a><\/div>\n\n<\/div>\n\n\n<div class=\"wp-block-spacer\" style=\"height: 40px;\" aria-hidden=\"true\">\u00a0<\/div>\n\n<\/div>\n\n\n<div class=\"wp-block-column is-layout-flow wp-block-column-is-layout-flow\" style=\"flex-basis: 34%;\">\n<p class=\"has-neve-link-color-color has-text-color has-link-color wp-elements-cfd2c8d1a791c34181328ab01bf70143\">Tres elements ens acompanyen en este recorregut: una carabassa, un bigot i una maleta. Una vida, un cam\u00ed, com totes les sendes un dest\u00ed, aconseguir el somriure del p\u00fablic. \u201cMiguelito\u201d ve a este m\u00f3n el segon mes de l&#8217;any, els seus primers dies de vida es nodrixen amb el que ser\u00e0 la seua m\u00e9s poderosa ferramenta: la imaginaci\u00f3.<\/p>\n\n\n<p class=\"has-neve-link-color-color has-text-color has-link-color wp-elements-12d8944c40853729d10cb17768aa5ef5\">Una xicoteta carabassa \u00e9s el seu primer joguet a mode de sonall; inicia el seu primer di\u00e0leg amb objectes i el gran descobriment: tots els que li envolten somriuen quan ell agita la seua xicoteta carabassa. No ho sap per\u00f2 \u00e9s la seua primera titella. Els camins i secrets d&#8217;un titellaire seran revelats en una entranyable hist\u00f2ria d&#8217;amor.<\/p>\n\n\n<div class=\"wp-block-buttons is-layout-flex wp-block-buttons-is-layout-flex\">\n<\/div>\n\n\n<hr class=\"wp-block-separator has-css-opacity is-style-wide\" \/>\n\n\n<p class=\"has-neve-link-color-color has-text-color has-link-color wp-elements-39dcd1a4c8ed7f1f3f293c0b3480d3aa\">Aix\u00f2 diu que era, amb uns quants personatges i un poc de m\u00e0gia, Miguel Pino va fusionar una bella hist\u00f2ria amb un teatre de titelles en \u201cLes valentes aventures de Peneque\u201d.<br \/>En 1959, una maleta i un grapat d&#8217;il\u00b7lusi\u00f3 el van esdevindre en un pioner del teatre de titelles modern. Ple d&#8217;innovaci\u00f3, va portar estos personatges de cart\u00f3 i feltre de les places als grans teatres. Cada dia descobrien noves places, diferents pobles i teatres hist\u00f2rics per tota la nostra gran geografia.<br \/>El vers \u201cPeneque, Peneque, on est\u00e0s?\u201d Va ser cridat per milers de xiquets, generaci\u00f3 rere generaci\u00f3. Potser fins i tot tu vas ser part d&#8217;una de les nostres aventures.<br \/>A partir d&#8217;eixe moment la firma Miguel Pino \u00e9s un s\u00edmbol de qualitat internacional en l&#8217;\u00e0mbit de l&#8217;entreteniment familiar.<br \/>Hui dia, la m\u00e0gia dels nostres personatges arriba amb hist\u00f2ries meravellosament originals, en un espectacle en viu de la m\u00e0 de Miguel i Antonio Pino, fills de Miguel Pino i hereus d&#8217;aquesta llarga tradici\u00f3.<\/p>\n\n\n\n<\/div>\n\n<\/div>\n\n\n<div class=\"wp-block-spacer\" style=\"height: 40px;\" aria-hidden=\"true\">\u00a0<\/div>\n\n<\/div><\/div>\n\n<\/div>\n<\/div>\n\n<p>&nbsp;<\/p>\n<p>[\/vc_column_text][\/vc_column][\/vc_row]<\/p>\n","protected":false},"excerpt":{"rendered":"<p>[vc_row][vc_column][vc_column_text] PENEQUE CIEN POR CIEN VALIENTE LOS T\u00cdTERES DE MIGUEL PINO (ANDALUSIA) &nbsp; [\/vc_column_text][\/vc_column][\/vc_row]<\/p>\n","protected":false},"author":1,"featured_media":0,"parent":0,"menu_order":0,"comment_status":"closed","ping_status":"closed","template":"","meta":{"neve_meta_sidebar":"default","neve_meta_container":"","neve_meta_enable_content_width":"on","neve_meta_content_width":100,"neve_meta_title_alignment":"","neve_meta_author_avatar":"","neve_post_elements_order":"","neve_meta_disable_header":"","neve_meta_disable_footer":"","neve_meta_disable_title":"on","_vp_format_video_url":"","_vp_image_focal_point":[],"footnotes":""},"class_list":["post-431","page","type-page","status-publish","hentry"],"_links":{"self":[{"href":"https:\/\/imatges.mancovall.com\/mit39\/wp-json\/wp\/v2\/pages\/431","targetHints":{"allow":["GET"]}}],"collection":[{"href":"https:\/\/imatges.mancovall.com\/mit39\/wp-json\/wp\/v2\/pages"}],"about":[{"href":"https:\/\/imatges.mancovall.com\/mit39\/wp-json\/wp\/v2\/types\/page"}],"author":[{"embeddable":true,"href":"https:\/\/imatges.mancovall.com\/mit39\/wp-json\/wp\/v2\/users\/1"}],"replies":[{"embeddable":true,"href":"https:\/\/imatges.mancovall.com\/mit39\/wp-json\/wp\/v2\/comments?post=431"}],"version-history":[{"count":7,"href":"https:\/\/imatges.mancovall.com\/mit39\/wp-json\/wp\/v2\/pages\/431\/revisions"}],"predecessor-version":[{"id":918,"href":"https:\/\/imatges.mancovall.com\/mit39\/wp-json\/wp\/v2\/pages\/431\/revisions\/918"}],"wp:attachment":[{"href":"https:\/\/imatges.mancovall.com\/mit39\/wp-json\/wp\/v2\/media?parent=431"}],"curies":[{"name":"wp","href":"https:\/\/api.w.org\/{rel}","templated":true}]}}