{"id":424,"date":"2021-09-22T15:20:01","date_gmt":"2021-09-22T15:20:01","guid":{"rendered":"http:\/\/mostratitelles.com\/mit36\/?page_id=424"},"modified":"2024-10-31T17:35:50","modified_gmt":"2024-10-31T17:35:50","slug":"15c42-web-agency-gb-portfolio-single-copy-copy-copy-copy-copy","status":"publish","type":"page","link":"https:\/\/imatges.mancovall.com\/mit39\/15c42-web-agency-gb-portfolio-single-copy-copy-copy-copy-copy\/","title":{"rendered":"HOP! GESTI\u00d3 TEATRAL"},"content":{"rendered":"<p>[vc_row][vc_column][vc_column_text]<\/p>\n<h1 class=\"wp-block-heading\"><mark class=\"has-inline-color has-neve-link-hover-color-color\" style=\"background-color: rgba(0, 0, 0, 0);\">IAIOS<\/mark><\/h1>\n\n\n<h2 class=\"wp-block-heading\">HOP! GESTI\u00d3 TEATRAL<\/h2>\n\n\n<div class=\"wp-block-cover alignfull\" style=\"min-height: 600px;aspect-ratio:unset;\">\n<p>&nbsp;<\/p>\n<div class=\"wp-block-cover__inner-container is-layout-flow wp-block-cover-is-layout-flow\">\n<div class=\"wp-block-group\"><div class=\"wp-block-group__inner-container is-layout-flow wp-block-group-is-layout-flow\">\n<div class=\"wp-block-spacer\" style=\"height: 1px;\" aria-hidden=\"true\">\u00a0<\/div>\n\n\n<div class=\"wp-block-spacer\" style=\"height: 100px;\" aria-hidden=\"true\">\u00a0<\/div>\n\n\n<div class=\"wp-block-columns is-layout-flex wp-container-core-columns-is-layout-1 wp-block-columns-is-layout-flex\">\n<div class=\"wp-block-column is-layout-flow wp-block-column-is-layout-flow\" style=\"flex-basis: 66.79%;\">\n<figure class=\"wp-block-image size-full\"><img decoding=\"async\" width=\"600\" height=\"600\" class=\"wp-image-860\" src=\"https:\/\/imatges.mancovall.com\/mit39\/wp-content\/uploads\/2024\/10\/1_0015_IAIOS.jpg\" alt=\"\" srcset=\"https:\/\/imatges.mancovall.com\/mit39\/wp-content\/uploads\/2024\/10\/1_0015_IAIOS.jpg 600w, https:\/\/imatges.mancovall.com\/mit39\/wp-content\/uploads\/2024\/10\/1_0015_IAIOS-300x300.jpg 300w, https:\/\/imatges.mancovall.com\/mit39\/wp-content\/uploads\/2024\/10\/1_0015_IAIOS-150x150.jpg 150w, https:\/\/imatges.mancovall.com\/mit39\/wp-content\/uploads\/2024\/10\/1_0015_IAIOS-500x500.jpg 500w, https:\/\/imatges.mancovall.com\/mit39\/wp-content\/uploads\/2024\/10\/1_0015_IAIOS-100x100.jpg 100w\" sizes=\"(max-width: 600px) 100vw, 600px\" \/><\/figure>\n\n\n<div class=\"wp-block-buttons is-layout-flex wp-block-buttons-is-layout-flex\">\n<div class=\"wp-block-button is-style-secondary\"><a class=\"wp-block-button__link wp-element-button\" style=\"border-radius: 50px;\" href=\"https:\/\/imatges.mancovall.com\/mit39\/\">\u2190 Tornar<\/a><\/div>\n\n<\/div>\n\n\n<div class=\"wp-block-spacer\" style=\"height: 40px;\" aria-hidden=\"true\">\u00a0<\/div>\n\n<\/div>\n\n\n<div class=\"wp-block-column is-layout-flow wp-block-column-is-layout-flow\" style=\"flex-basis: 34%;\">\n<p class=\"has-neve-link-color-color has-text-color has-link-color wp-elements-2b7b51d7d77387193e469f8248ee6443\">Maria i el seu germ\u00e0 Xavi busquen la pilota que la iaia Palmira ha amagat per a la xiqueta es quede a casa estudiant i no isca al carrer a jugar a futbol. Buscant la pilota pugen a l&#8217;habitaci\u00f3 i, registrant caixes i baguls, troben objectes del iaio Salvador, de qui Maria sap molt poc, ja que ella va n\u00e0ixer pocs mesos despr\u00e9s que el iaio morira, per aix\u00f2 s&#8217;oblida del motiu que li ha fet pujar a l&#8217;habitaci\u00f3 i demana a Xavi que li compte tot el que sap d&#8217;ell.<\/p>\n\n\n<p class=\"has-neve-link-color-color has-text-color has-link-color wp-elements-9cb98b1a888193fafe417097bf5e787d\">Este \u00e9s el punt de partida de \u201cIaios\u201d, un espectacle en el qual, a trav\u00e9s dels jocs dels protagonistes, es va teixint la hist\u00f2ria dels avantpassats m\u00e9s pr\u00f2xims dels dos germans, la hist\u00f2ria d&#8217;un amor interromput per la guerra, on l&#8217;atzar i la voluntat s&#8217;entremesclen per a fer possible el naixement d&#8217;una fam\u00edlia, el vincle que lliga els xiquets a un passat i a una mem\u00f2ria que s\u00f3n un regal de vida, perqu\u00e8 sense la hist\u00f2ria de la seua fam\u00edlia els dos germans no existirien.<\/p>\n\n\n<div class=\"wp-block-buttons is-layout-flex wp-block-buttons-is-layout-flex\">\n<\/div>\n\n\n<hr class=\"wp-block-separator has-css-opacity is-style-wide\" \/>\n\n\n<p class=\"has-neve-link-color-color has-text-color has-link-color wp-elements-54beb5110ff991ddeef895b085f3da4c\">HOP! GESTI\u00d3 TEATRAL va ser creada per Carmen Maria Serrano en 2002 dedicant-se a la gesti\u00f3 d&#8217;arts esc\u00e8niques, donant continu\u00eftat a la seua dedicaci\u00f3 en el m\u00f3n teatral professional des de l&#8217;any 1997.<br \/>Les col\u00b7laboracions han sigut per a institucions p\u00fabliques i privades, com per exemple el FIT CARRER de Vila-real; la Universitat Jaume I (gestionant la Mostra Reclam i la programaci\u00f3 del Paranimf, entre altres); gesti\u00f3 de companyies de teatre, i com \u00faltima col\u00b7laboraci\u00f3, Carmen Maria Serrano ha sigut l&#8217;assessora de cultura de l&#8217;Ajuntament de Castell\u00f3 des de 2015 fins a 2019.<\/p>\n\n\n\n<\/div>\n\n<\/div>\n\n\n<div class=\"wp-block-spacer\" style=\"height: 40px;\" aria-hidden=\"true\">\u00a0<\/div>\n\n<\/div><\/div>\n\n<\/div>\n<\/div>\n\n<p>&nbsp;<\/p>\n<p>[\/vc_column_text][\/vc_column][\/vc_row]<\/p>\n","protected":false},"excerpt":{"rendered":"<p>[vc_row][vc_column][vc_column_text] IAIOS HOP! GESTI\u00d3 TEATRAL &nbsp; [\/vc_column_text][\/vc_column][\/vc_row]<\/p>\n","protected":false},"author":1,"featured_media":0,"parent":0,"menu_order":0,"comment_status":"closed","ping_status":"closed","template":"","meta":{"neve_meta_sidebar":"default","neve_meta_container":"","neve_meta_enable_content_width":"on","neve_meta_content_width":100,"neve_meta_title_alignment":"","neve_meta_author_avatar":"","neve_post_elements_order":"","neve_meta_disable_header":"","neve_meta_disable_footer":"","neve_meta_disable_title":"on","_vp_format_video_url":"","_vp_image_focal_point":[],"footnotes":""},"class_list":["post-424","page","type-page","status-publish","hentry"],"_links":{"self":[{"href":"https:\/\/imatges.mancovall.com\/mit39\/wp-json\/wp\/v2\/pages\/424","targetHints":{"allow":["GET"]}}],"collection":[{"href":"https:\/\/imatges.mancovall.com\/mit39\/wp-json\/wp\/v2\/pages"}],"about":[{"href":"https:\/\/imatges.mancovall.com\/mit39\/wp-json\/wp\/v2\/types\/page"}],"author":[{"embeddable":true,"href":"https:\/\/imatges.mancovall.com\/mit39\/wp-json\/wp\/v2\/users\/1"}],"replies":[{"embeddable":true,"href":"https:\/\/imatges.mancovall.com\/mit39\/wp-json\/wp\/v2\/comments?post=424"}],"version-history":[{"count":9,"href":"https:\/\/imatges.mancovall.com\/mit39\/wp-json\/wp\/v2\/pages\/424\/revisions"}],"predecessor-version":[{"id":913,"href":"https:\/\/imatges.mancovall.com\/mit39\/wp-json\/wp\/v2\/pages\/424\/revisions\/913"}],"wp:attachment":[{"href":"https:\/\/imatges.mancovall.com\/mit39\/wp-json\/wp\/v2\/media?parent=424"}],"curies":[{"name":"wp","href":"https:\/\/api.w.org\/{rel}","templated":true}]}}