{"id":418,"date":"2021-09-22T15:16:58","date_gmt":"2021-09-22T15:16:58","guid":{"rendered":"http:\/\/mostratitelles.com\/mit36\/?page_id=418"},"modified":"2024-10-31T17:33:46","modified_gmt":"2024-10-31T17:33:46","slug":"15c42-web-agency-gb-portfolio-single-copy-copy-copy-copy","status":"publish","type":"page","link":"https:\/\/imatges.mancovall.com\/mit39\/15c42-web-agency-gb-portfolio-single-copy-copy-copy-copy\/","title":{"rendered":"CORIOLIS (URUGUAY)"},"content":{"rendered":"<p>[vc_row][vc_column][vc_column_text]<\/p>\n<h1 class=\"wp-block-heading\"><mark class=\"has-inline-color has-neve-link-hover-color-color\" style=\"background-color: rgba(0, 0, 0, 0);\">MANUAL<\/mark><\/h1>\n\n\n<h2 class=\"wp-block-heading\"><strong>CORIOLIS (URUGUAY)<\/strong><\/h2>\n\n\n<div class=\"wp-block-cover alignfull\" style=\"min-height: 600px;aspect-ratio:unset;\">\n<p>&nbsp;<\/p>\n<div class=\"wp-block-cover__inner-container is-layout-flow wp-block-cover-is-layout-flow\">\n<div class=\"wp-block-group\"><div class=\"wp-block-group__inner-container is-layout-flow wp-block-group-is-layout-flow\">\n<div class=\"wp-block-spacer\" style=\"height: 1px;\" aria-hidden=\"true\">\u00a0<\/div>\n\n\n<div class=\"wp-block-spacer\" style=\"height: 100px;\" aria-hidden=\"true\">\u00a0<\/div>\n\n\n<div class=\"wp-block-columns is-layout-flex wp-container-core-columns-is-layout-1 wp-block-columns-is-layout-flex\">\n<div class=\"wp-block-column is-layout-flow wp-block-column-is-layout-flow\" style=\"flex-basis: 66.79%;\">\n<figure class=\"wp-block-image size-full\"><img decoding=\"async\" width=\"600\" height=\"600\" class=\"wp-image-845\" src=\"https:\/\/imatges.mancovall.com\/mit39\/wp-content\/uploads\/2024\/10\/1_0000_Capa-1.jpg\" alt=\"\" srcset=\"https:\/\/imatges.mancovall.com\/mit39\/wp-content\/uploads\/2024\/10\/1_0000_Capa-1.jpg 600w, https:\/\/imatges.mancovall.com\/mit39\/wp-content\/uploads\/2024\/10\/1_0000_Capa-1-300x300.jpg 300w, https:\/\/imatges.mancovall.com\/mit39\/wp-content\/uploads\/2024\/10\/1_0000_Capa-1-150x150.jpg 150w, https:\/\/imatges.mancovall.com\/mit39\/wp-content\/uploads\/2024\/10\/1_0000_Capa-1-500x500.jpg 500w, https:\/\/imatges.mancovall.com\/mit39\/wp-content\/uploads\/2024\/10\/1_0000_Capa-1-100x100.jpg 100w\" sizes=\"(max-width: 600px) 100vw, 600px\" \/><\/figure>\n\n\n<div class=\"wp-block-buttons is-layout-flex wp-block-buttons-is-layout-flex\">\n<div class=\"wp-block-button is-style-secondary\"><a class=\"wp-block-button__link wp-element-button\" style=\"border-radius: 50px;\" href=\"https:\/\/imatges.mancovall.com\/mit39\/\">\u2190 Tornar<\/a><\/div>\n\n<\/div>\n\n\n<div class=\"wp-block-spacer\" style=\"height: 40px;\" aria-hidden=\"true\">\u00a0<\/div>\n\n<\/div>\n\n\n<div class=\"wp-block-column is-layout-flow wp-block-column-is-layout-flow\" style=\"flex-basis: 34%;\">\n<p class=\"has-neve-link-color-color has-text-color has-link-color wp-elements-add6d4071703964244980a35beeaeb59\">L&#8217;obra es construeix a partir de mans que treballen, els seus moviments, tensions, ritmes i destreses inherents a l&#8217;ofici o tasca, donen lloc a la creaci\u00f3 de cada escena.<br \/>Cada hist\u00f2ria proposa un llenguatge diferent, amb una po\u00e8tica particular i diverses maneres de comptar, cadascuna imprimeix un pols, un ritme, una est\u00e8tica, una plasticitat determinada al servici de la dramat\u00fargia. Es plantegen conceptes universals, profunds, humans, com la por, la soledat, la paranoia, el masclisme, la viol\u00e8ncia, la sobreinformaci\u00f3, el poder, el treball, l&#8217;acceptaci\u00f3 o no de nosaltres.<\/p>\n<p>Escenes que partixen de mans prestades: cada ofici prestar\u00e0 les seues mans i objectes caracter\u00edstics per a crear sense mediar paraula, es compondran moments carregats de simbolisme i contingut actual, des de la neciesa, l&#8217;humor, l&#8217;absurd, la cruesa, la viol\u00e8ncia, la tendresa i el l\u00fadic.<br \/>Un plantetjament actual i sincer del que som; hist\u00f2ries simples per\u00f2 profundes, comptant des de l&#8217;humor, l&#8217;absurd, el grotesc, la cruesa, la tendresa i el l\u00fadic.<\/p>\n<p>Juga amb la versatilitat i possibilitat de canvis que oferix la construcci\u00f3 de tots els personatges a partir de les mans.<br \/>El poder del llenguatge corporal, la qual cosa es diu amb gestos, moviments, accions quotidianes, repetides, automatitzades, despla\u00e7ant la paraula.<\/p>\n<p>La pell com a mat\u00e8ria, mans que constitueixen, cossos que s&#8217;objectiven, es disloquen, es desintegren per a crear nous cossos ficticis.<\/p>\n\n\n<p class=\"has-neve-link-color-color has-text-color\"><\/p>\n\n<hr class=\"wp-block-separator has-alpha-channel-opacity\" \/>\n<p class=\"has-neve-link-color-color has-text-color\"><\/p>\n\n<p class=\"has-neve-link-color-color has-text-color has-link-color wp-elements-898043fcd2f731b6c6100b4c4c6af50d\">La Companyia uruguaiana es crea en el 2014 amb el prop\u00f2sit d&#8217;investigar, experimentar i produir espectacles de teatre visual i d&#8217;objectes amb perfil teatral, en diverses t\u00e8cniques i llenguatges.<\/p>\n<p>Els seus espectacles s&#8217;han presentat a Fran\u00e7a, Espanya, Portugal, Su\u00efssa, el Canad\u00e0, Xile, el Brasil, l&#8217;Argentina, Col\u00f2mbia, M\u00e8xic i l&#8217;Uruguai.<\/p>\n<p>Ha rebut premis, reconeixements i mencions a nivell nacional i internacional i els seus espectacles van ser seleccionats a infinitat de festivals, cicles, temporades, fons culturals i gires.<\/p>\n<p>Amb la seua obra \u201cManual\u201d han sigut seleccionats en la PROGRAMACI\u00d3 IN del Festival Mondial des Th\u00e9\u00e2tres de Marionettes de Charleville M\u00e9ziere 2023.<\/p>\n<p class=\"has-neve-link-color-color has-text-color\"><\/p>\n\n<p class=\"has-neve-link-color-color has-text-color\"><\/p>\n\n<div class=\"wp-block-buttons is-layout-flex wp-block-buttons-is-layout-flex\">\n<\/div>\n<p class=\"has-neve-link-color-color has-text-color\"><\/p>\n\n<hr class=\"wp-block-separator has-css-opacity is-style-wide\" \/>\n\n<\/div>\n\n<\/div>\n\n\n<div class=\"wp-block-spacer\" style=\"height: 40px;\" aria-hidden=\"true\">\u00a0<\/div>\n\n<\/div><\/div>\n\n<\/div>\n<\/div>\n\n<p>&nbsp;<\/p>\n<p>[\/vc_column_text][\/vc_column][\/vc_row]<\/p>\n","protected":false},"excerpt":{"rendered":"<p>[vc_row][vc_column][vc_column_text] MANUAL CORIOLIS (URUGUAY) &nbsp; [\/vc_column_text][\/vc_column][\/vc_row]<\/p>\n","protected":false},"author":1,"featured_media":0,"parent":0,"menu_order":0,"comment_status":"closed","ping_status":"closed","template":"","meta":{"neve_meta_sidebar":"default","neve_meta_container":"","neve_meta_enable_content_width":"on","neve_meta_content_width":100,"neve_meta_title_alignment":"","neve_meta_author_avatar":"","neve_post_elements_order":"","neve_meta_disable_header":"","neve_meta_disable_footer":"","neve_meta_disable_title":"on","_vp_format_video_url":"","_vp_image_focal_point":[],"footnotes":""},"class_list":["post-418","page","type-page","status-publish","hentry"],"_links":{"self":[{"href":"https:\/\/imatges.mancovall.com\/mit39\/wp-json\/wp\/v2\/pages\/418","targetHints":{"allow":["GET"]}}],"collection":[{"href":"https:\/\/imatges.mancovall.com\/mit39\/wp-json\/wp\/v2\/pages"}],"about":[{"href":"https:\/\/imatges.mancovall.com\/mit39\/wp-json\/wp\/v2\/types\/page"}],"author":[{"embeddable":true,"href":"https:\/\/imatges.mancovall.com\/mit39\/wp-json\/wp\/v2\/users\/1"}],"replies":[{"embeddable":true,"href":"https:\/\/imatges.mancovall.com\/mit39\/wp-json\/wp\/v2\/comments?post=418"}],"version-history":[{"count":8,"href":"https:\/\/imatges.mancovall.com\/mit39\/wp-json\/wp\/v2\/pages\/418\/revisions"}],"predecessor-version":[{"id":909,"href":"https:\/\/imatges.mancovall.com\/mit39\/wp-json\/wp\/v2\/pages\/418\/revisions\/909"}],"wp:attachment":[{"href":"https:\/\/imatges.mancovall.com\/mit39\/wp-json\/wp\/v2\/media?parent=418"}],"curies":[{"name":"wp","href":"https:\/\/api.w.org\/{rel}","templated":true}]}}